{"id":1046,"date":"2025-03-11T19:27:13","date_gmt":"2025-03-11T18:27:13","guid":{"rendered":"https:\/\/0z9yaubqfkn.preview.infomaniak.website\/?page_id=1046"},"modified":"2025-03-13T13:08:52","modified_gmt":"2025-03-13T12:08:52","slug":"yourstory","status":"publish","type":"page","link":"https:\/\/genderapartheid.no\/no\/yourstory\/","title":{"rendered":"Your Story"},"content":{"rendered":"<div class=\"wp-block-group alignwide has-small-font-size is-content-justification-left is-nowrap is-layout-flex wp-container-core-group-is-layout-9dfe29fd wp-block-group-is-layout-flex\" style=\"margin-top:var(--wp--preset--spacing--30)\">\n<p class=\"has-contrast-color has-text-color has-link-color wp-elements-f6846112682e5874005ad0facf0e041f\"><strong><a href=\"https:\/\/genderapartheid.no\/no\/yourstory\/\">English<\/a><\/strong><\/p>\n\n\n\n<p class=\"has-contrast-color has-text-color has-link-color wp-elements-1092f7edac807f6d00a33d84e9e8fc57\"><a href=\"https:\/\/genderapartheid.no\/no\/yourstory\/norsk\/\">Norsk<\/a><\/p>\n\n\n\n<p class=\"has-contrast-color has-text-color has-link-color wp-elements-d994ae1ae4008f0df45497bd7044154f\"><a href=\"https:\/\/genderapartheid.no\/no\/yourstory\/farsi\/\">\u0641\u0627\u0631\u0633\u06cc<\/a><\/p>\n\n\n\n<p class=\"has-contrast-color has-text-color has-link-color wp-elements-48db63ed51ec5d698730b3b2e19cc647\"><a href=\"https:\/\/genderapartheid.no\/no\/yourstory\/arabic\/\">\u0639\u0631\u0628\u064a<\/a><\/p>\n<\/div>\n\n\n\n<div class=\"wp-block-group alignfull has-global-padding is-layout-constrained wp-block-group-is-layout-constrained\">\n<div class=\"wp-block-columns alignwide is-not-stacked-on-mobile is-layout-flex wp-container-core-columns-is-layout-28f84493 wp-block-columns-is-layout-flex\">\n<div class=\"wp-block-column is-vertically-aligned-center is-layout-flow wp-block-column-is-layout-flow\" style=\"flex-basis:50%\">\n<h2 class=\"wp-block-heading\" style=\"padding-top:var(--wp--preset--spacing--20);padding-bottom:var(--wp--preset--spacing--20)\">Velkommen!<\/h2>\n\n\n\n<p class=\"has-medium-font-size\" style=\"margin-top:0;margin-bottom:0;padding-top:var(--wp--preset--spacing--20);padding-bottom:var(--wp--preset--spacing--20)\">Mitt navn er Fatemeh Ekhtesari. <\/p>\n\n\n\n<p class=\"has-medium-font-size\" style=\"margin-top:0;margin-bottom:0;padding-top:var(--wp--preset--spacing--20);padding-bottom:var(--wp--preset--spacing--20)\">Jeg er forfatter og poet, og som deg har jeg levd i et land hvor lover og regler kontrollerte mange aspekter av kvinners liv.<\/p>\n\n\n\n<p class=\"has-medium-font-size\" style=\"margin-top:0;margin-bottom:0;padding-top:var(--wp--preset--spacing--20);padding-bottom:var(--wp--preset--spacing--20)\">For \u00e5tte \u00e5r siden flyttet jeg til Norge, hvor jeg har m\u00f8tt mange andre kvinner som har opplevd den samme overgangen.<\/p>\n\n\n\n<p class=\"has-medium-font-size\" style=\"margin-top:0;margin-bottom:0;padding-top:var(--wp--preset--spacing--20);padding-bottom:var(--wp--preset--spacing--20)\"><strong>I dette prosjektet \u00f8nsker vi \u00e5 h\u00f8re din historie.<\/strong><\/p>\n<\/div>\n\n\n\n<div class=\"wp-block-column is-vertically-aligned-center is-layout-flow wp-block-column-is-layout-flow\">\n<div class=\"wp-block-group has-global-padding is-layout-constrained wp-container-core-group-is-layout-72190d31 wp-block-group-is-layout-constrained\" style=\"margin-top:0;margin-bottom:0;padding-top:0;padding-right:0;padding-bottom:0;padding-left:0\">\n<figure class=\"wp-block-image aligncenter size-full is-resized has-custom-border is-style-default\"><img decoding=\"async\" src=\"https:\/\/genderapartheid.no\/wp-content\/uploads\/2025\/01\/Fatemeh-Ekhtesari-1.jpg\" alt=\"\" class=\"has-border-color\" style=\"border-color:#6969690f;border-width:10px;border-radius:100px;width:150px\"\/><\/figure>\n\n\n\n<p class=\"has-text-align-center has-accent-2-color has-text-color has-link-color has-medium-font-size wp-elements-1372988d1aa6d203d8a3df51d66929a6\">Fatemeh Ekhtesari<\/p>\n\n\n\n<p class=\"has-text-align-center\" style=\"font-size:0.7rem\">f.ekhtesari86@gmail.com<\/p>\n<\/div>\n<\/div>\n<\/div>\n<\/div>\n\n\n\n<div class=\"wp-block-group alignfull has-global-padding is-layout-constrained wp-container-core-group-is-layout-8eb17fde wp-block-group-is-layout-constrained has-background\" style=\"margin-top:var(--wp--preset--spacing--50);margin-bottom:var(--wp--preset--spacing--50);padding-top:0;padding-right:0;padding-bottom:0;padding-left:0;box-shadow:var(--wp--preset--shadow--crisp);background-image:url(&apos;https:\/\/genderapartheid.no\/wp-content\/uploads\/2025\/02\/GA_bg_002.png&apos;);background-size:cover;\">\n<div class=\"wp-block-group alignfull has-global-padding is-layout-constrained wp-block-group-is-layout-constrained\">\n<div class=\"wp-block-columns alignwide is-layout-flex wp-container-core-columns-is-layout-28f84493 wp-block-columns-is-layout-flex\">\n<div class=\"wp-block-column is-layout-flow wp-block-column-is-layout-flow\" style=\"flex-basis:50%\">\n<div style=\"height:25px\" aria-hidden=\"true\" class=\"wp-block-spacer\"><\/div>\n\n\n\n<h3 class=\"wp-block-heading\" style=\"margin-top:var(--wp--preset--spacing--30);margin-bottom:var(--wp--preset--spacing--20)\">Ulike reiser, ulike <mark style=\"background-color:rgba(0, 0, 0, 0)\" class=\"has-inline-color has-accent-2-color\">stemmer<\/mark><\/h3>\n\n\n\n<p class=\"has-medium-font-size\" style=\"margin-top:0;margin-bottom:0;padding-top:var(--wp--preset--spacing--20);padding-bottom:var(--wp--preset--spacing--20)\">Jeg vet at hver kvinnes reise er forskjellig. Noen mislikte begrensningene de m\u00f8tte, noen fant m\u00e5ter \u00e5 navigere eller omg\u00e5 dem p\u00e5, og andre stilte aldri sp\u00f8rsm\u00e5l ved dem f\u00f8r de forlot hjemlandet sitt. P\u00e5 samme m\u00e5te byr livet i Norge p\u00e5 et bredt spekter av opplevelser\u2014noen frigj\u00f8rende, noen utfordrende, og noen uventede. Det finnes ingen enkelt historie som definerer oss, og hver erfaring er verdt \u00e5 fortelle.<\/p>\n\n\n\n<p class=\"has-medium-font-size\" style=\"margin-top:0;margin-bottom:0;padding-top:var(--wp--preset--spacing--20);padding-bottom:var(--wp--preset--spacing--20)\">Derfor leder jeg dette muntlige historieprosjektet, for \u00e5 intervjue mennesker som oss og dokumentere de ulike opplevelsene til kvinner som har levd under restriktive lover og n\u00e5 bor i Norge.<\/p>\n\n\n\n<h3 class=\"wp-block-heading\" style=\"margin-top:var(--wp--preset--spacing--50);margin-bottom:var(--wp--preset--spacing--20)\"><mark style=\"background-color:rgba(0, 0, 0, 0)\" class=\"has-inline-color has-accent-2-color\">Hvorfor <\/mark>din historie betyr noe<\/h3>\n\n\n\n<p class=\"has-medium-font-size\" style=\"margin-top:0;margin-right:0;margin-bottom:0;margin-left:0;padding-top:var(--wp--preset--spacing--20);padding-bottom:var(--wp--preset--spacing--20)\">Din historie\u2014uansett hva den er\u2014kan hjelpe andre med \u00e5 forst\u00e5 ulike perspektiver, utfordre misoppfatninger og forbedre hvordan Norge st\u00f8tter kvinner med lignende bakgrunn.<\/p>\n\n\n\n<p class=\"has-medium-font-size\" style=\"margin-top:0;margin-bottom:0;padding-top:var(--wp--preset--spacing--20);padding-bottom:var(--wp--preset--spacing--20)\">Vi \u00f8nsker \u00e5 h\u00f8re din historie\u2014uansett hva den m\u00e5tte v\u00e6re. Dine utfordringer, dine seire, dine kamper, dine gleder, og til og med de tingene du kanskje enn\u00e5 ikke har satt ord p\u00e5. Hver opplevelse er unik, og hver stemme betyr noe.<\/p>\n\n\n\n<h3 class=\"wp-block-heading\" style=\"margin-top:var(--wp--preset--spacing--50);margin-bottom:var(--wp--preset--spacing--40)\">Du har <mark style=\"background-color:rgba(0, 0, 0, 0)\" class=\"has-inline-color has-accent-2-color\">kontrollen<\/mark><\/h3>\n\n\n\n<ul style=\"margin-top:0;margin-bottom:0\" class=\"wp-block-list\">\n<li class=\"has-medium-font-size\">\u00c5 snakke med meg betyr ikke at du m\u00e5 delta. Du kan stille sp\u00f8rsm\u00e5l, dele s\u00e5 mye eller s\u00e5 lite du vil, og bestemme senere om du \u00f8nsker at din historie skal inkluderes.<\/li>\n\n\n\n<li class=\"has-medium-font-size\">Det er ingen press. Dette er ditt valg, og du vil alltid ha kontroll over hvordan din historie blir fortalt.<\/li>\n\n\n\n<li class=\"has-medium-font-size\">Din sikkerhet og personvern kommer f\u00f8rst. Vi tar sikkerhet sv\u00e6rt alvorlig og kan diskutere m\u00e5ter \u00e5 beskytte identiteten din p\u00e5 om n\u00f8dvendig.<\/li>\n<\/ul>\n\n\n\n<div style=\"height:25px\" aria-hidden=\"true\" class=\"wp-block-spacer\"><\/div>\n<\/div>\n\n\n\n<div class=\"wp-block-column is-layout-flow wp-block-column-is-layout-flow\" style=\"flex-basis:50%\"><\/div>\n<\/div>\n<\/div>\n<\/div>\n\n\n\n<div class=\"wp-block-group alignfull has-global-padding is-layout-constrained wp-container-core-group-is-layout-6226084c wp-block-group-is-layout-constrained\" style=\"margin-top:0;margin-bottom:0;padding-top:0;padding-right:0;padding-bottom:0;padding-left:0\">\n<div class=\"wp-block-group alignfull has-global-padding is-layout-constrained wp-block-group-is-layout-constrained\">\n<div class=\"wp-block-group alignwide has-global-padding is-content-justification-left is-layout-constrained wp-container-core-group-is-layout-9e15dc0c wp-block-group-is-layout-constrained\" style=\"padding-top:0;padding-bottom:0\">\n<h3 class=\"wp-block-heading\" style=\"margin-top:var(--wp--preset--spacing--60);margin-bottom:var(--wp--preset--spacing--20)\"><mark style=\"background-color:rgba(0, 0, 0, 0)\" class=\"has-inline-color has-accent-2-color\">Hvordan <\/mark>du kan n\u00e5 meg<\/h3>\n\n\n\n<p class=\"has-medium-font-size\" style=\"margin-top:0;margin-bottom:0;padding-top:var(--wp--preset--spacing--20);padding-bottom:var(--wp--preset--spacing--20)\">Du kan kontakte meg direkte via kontaktskjemaet nedenfor eller sende meg en e-post p\u00e5: <strong><mark style=\"background-color:rgba(0, 0, 0, 0)\" class=\"has-inline-color has-accent-2-color\">f.ekhtesari86@gmail.com<\/mark><\/strong><\/p>\n\n\n\n<p class=\"has-medium-font-size\" style=\"margin-top:0;margin-bottom:0;padding-top:var(--wp--preset--spacing--20);padding-bottom:var(--wp--preset--spacing--20)\">Fortell meg noen ord om deg selv, s\u00e5 avtaler vi et tidspunkt for en samtale.<\/p>\n\n\n<div class=\"wp-block-jetpack-contact-form is-layout-flex wp-container-jetpack-contact-form-is-layout-caeb0e50 wp-block-jetpack-contact-form-is-layout-flex\"><a href=\"https:\/\/genderapartheid.no\/no\/yourstory\/\" target=\"_blank\" rel=\"noopener noreferrer\">Send inn et skjema.<\/a><\/div><\/div>\n<\/div>\n<\/div>","protected":false},"excerpt":{"rendered":"<p>English Norsk \u0641\u0627\u0631\u0633\u06cc \u0639\u0631\u0628\u064a Welcome! My name is Fatemeh Ekhtesari. I am a writer and poet, and like you, I lived in a country where laws and regulations controlled many aspects of women\u2019s lives. Eight years ago I moved to Norway, where I&#8217;ve met many other women who have experienced the same transition. In this [&hellip;]<\/p>\n","protected":false},"author":2,"featured_media":0,"parent":0,"menu_order":0,"comment_status":"closed","ping_status":"closed","template":"page-no-title","meta":{"_acf_changed":false,"_uag_custom_page_level_css":"","footnotes":""},"class_list":["post-1046","page","type-page","status-publish","hentry"],"acf":[],"mb":[],"yoast_head":"<!-- This site is optimized with the Yoast SEO plugin v27.1.1 - https:\/\/yoast.com\/product\/yoast-seo-wordpress\/ -->\n<title>Your Story - Documenting Gender Apartheid<\/title>\n<meta name=\"robots\" content=\"index, follow, max-snippet:-1, max-image-preview:large, max-video-preview:-1\" \/>\n<link rel=\"canonical\" href=\"https:\/\/genderapartheid.no\/no\/yourstory\/\" \/>\n<meta property=\"og:locale\" content=\"nb_NO\" \/>\n<meta property=\"og:type\" content=\"article\" \/>\n<meta property=\"og:title\" content=\"Your Story - Documenting Gender Apartheid\" \/>\n<meta property=\"og:description\" content=\"English Norsk \u0641\u0627\u0631\u0633\u06cc \u0639\u0631\u0628\u064a Welcome! My name is Fatemeh Ekhtesari. I am a writer and poet, and like you, I lived in a country where laws and regulations controlled many aspects of women\u2019s lives. Eight years ago I moved to Norway, where I&#8217;ve met many other women who have experienced the same transition. In this [&hellip;]\" \/>\n<meta property=\"og:url\" content=\"https:\/\/genderapartheid.no\/no\/yourstory\/\" \/>\n<meta property=\"og:site_name\" content=\"Documenting Gender Apartheid\" \/>\n<meta property=\"article:modified_time\" content=\"2025-03-13T12:08:52+00:00\" \/>\n<meta property=\"og:image\" content=\"https:\/\/genderapartheid.no\/wp-content\/uploads\/2025\/01\/Fatemeh-Ekhtesari-1.jpg\" \/>\n<meta name=\"twitter:card\" content=\"summary_large_image\" \/>\n<meta name=\"twitter:label1\" content=\"Ansl. lesetid\" \/>\n\t<meta name=\"twitter:data1\" content=\"2 minutter\" \/>\n<script type=\"application\/ld+json\" class=\"yoast-schema-graph\">{\"@context\":\"https:\/\/schema.org\",\"@graph\":[{\"@type\":\"WebPage\",\"@id\":\"https:\/\/genderapartheid.no\/yourstory\/\",\"url\":\"https:\/\/genderapartheid.no\/yourstory\/\",\"name\":\"Your Story - Documenting Gender Apartheid\",\"isPartOf\":{\"@id\":\"https:\/\/genderapartheid.no\/#website\"},\"primaryImageOfPage\":{\"@id\":\"https:\/\/genderapartheid.no\/yourstory\/#primaryimage\"},\"image\":{\"@id\":\"https:\/\/genderapartheid.no\/yourstory\/#primaryimage\"},\"thumbnailUrl\":\"https:\/\/genderapartheid.no\/wp-content\/uploads\/2025\/01\/Fatemeh-Ekhtesari-1.jpg\",\"datePublished\":\"2025-03-11T18:27:13+00:00\",\"dateModified\":\"2025-03-13T12:08:52+00:00\",\"breadcrumb\":{\"@id\":\"https:\/\/genderapartheid.no\/yourstory\/#breadcrumb\"},\"inLanguage\":\"nb-NO\",\"potentialAction\":[{\"@type\":\"ReadAction\",\"target\":[\"https:\/\/genderapartheid.no\/yourstory\/\"]}]},{\"@type\":\"ImageObject\",\"inLanguage\":\"nb-NO\",\"@id\":\"https:\/\/genderapartheid.no\/yourstory\/#primaryimage\",\"url\":\"https:\/\/genderapartheid.no\/wp-content\/uploads\/2025\/01\/Fatemeh-Ekhtesari-1.jpg\",\"contentUrl\":\"https:\/\/genderapartheid.no\/wp-content\/uploads\/2025\/01\/Fatemeh-Ekhtesari-1.jpg\"},{\"@type\":\"BreadcrumbList\",\"@id\":\"https:\/\/genderapartheid.no\/yourstory\/#breadcrumb\",\"itemListElement\":[{\"@type\":\"ListItem\",\"position\":1,\"name\":\"GA\",\"item\":\"https:\/\/genderapartheid.no\/\"},{\"@type\":\"ListItem\",\"position\":2,\"name\":\"Your Story\"}]},{\"@type\":\"WebSite\",\"@id\":\"https:\/\/genderapartheid.no\/#website\",\"url\":\"https:\/\/genderapartheid.no\/\",\"name\":\"Documenting Gender Apartheid\",\"description\":\"Documenting the voices of women who have lived under gender apartheid.\",\"potentialAction\":[{\"@type\":\"SearchAction\",\"target\":{\"@type\":\"EntryPoint\",\"urlTemplate\":\"https:\/\/genderapartheid.no\/?s={search_term_string}\"},\"query-input\":{\"@type\":\"PropertyValueSpecification\",\"valueRequired\":true,\"valueName\":\"search_term_string\"}}],\"inLanguage\":\"nb-NO\"}]}<\/script>\n<!-- \/ Yoast SEO plugin. -->","yoast_head_json":{"title":"Your Story - Documenting Gender Apartheid","robots":{"index":"index","follow":"follow","max-snippet":"max-snippet:-1","max-image-preview":"max-image-preview:large","max-video-preview":"max-video-preview:-1"},"canonical":"https:\/\/genderapartheid.no\/no\/yourstory\/","og_locale":"nb_NO","og_type":"article","og_title":"Your Story - Documenting Gender Apartheid","og_description":"English Norsk \u0641\u0627\u0631\u0633\u06cc \u0639\u0631\u0628\u064a Welcome! My name is Fatemeh Ekhtesari. I am a writer and poet, and like you, I lived in a country where laws and regulations controlled many aspects of women\u2019s lives. Eight years ago I moved to Norway, where I&#8217;ve met many other women who have experienced the same transition. In this [&hellip;]","og_url":"https:\/\/genderapartheid.no\/no\/yourstory\/","og_site_name":"Documenting Gender Apartheid","article_modified_time":"2025-03-13T12:08:52+00:00","og_image":[{"url":"https:\/\/genderapartheid.no\/wp-content\/uploads\/2025\/01\/Fatemeh-Ekhtesari-1.jpg","type":"","width":"","height":""}],"twitter_card":"summary_large_image","twitter_misc":{"Ansl. lesetid":"2 minutter"},"schema":{"@context":"https:\/\/schema.org","@graph":[{"@type":"WebPage","@id":"https:\/\/genderapartheid.no\/yourstory\/","url":"https:\/\/genderapartheid.no\/yourstory\/","name":"Your Story - Documenting Gender Apartheid","isPartOf":{"@id":"https:\/\/genderapartheid.no\/#website"},"primaryImageOfPage":{"@id":"https:\/\/genderapartheid.no\/yourstory\/#primaryimage"},"image":{"@id":"https:\/\/genderapartheid.no\/yourstory\/#primaryimage"},"thumbnailUrl":"https:\/\/genderapartheid.no\/wp-content\/uploads\/2025\/01\/Fatemeh-Ekhtesari-1.jpg","datePublished":"2025-03-11T18:27:13+00:00","dateModified":"2025-03-13T12:08:52+00:00","breadcrumb":{"@id":"https:\/\/genderapartheid.no\/yourstory\/#breadcrumb"},"inLanguage":"nb-NO","potentialAction":[{"@type":"ReadAction","target":["https:\/\/genderapartheid.no\/yourstory\/"]}]},{"@type":"ImageObject","inLanguage":"nb-NO","@id":"https:\/\/genderapartheid.no\/yourstory\/#primaryimage","url":"https:\/\/genderapartheid.no\/wp-content\/uploads\/2025\/01\/Fatemeh-Ekhtesari-1.jpg","contentUrl":"https:\/\/genderapartheid.no\/wp-content\/uploads\/2025\/01\/Fatemeh-Ekhtesari-1.jpg"},{"@type":"BreadcrumbList","@id":"https:\/\/genderapartheid.no\/yourstory\/#breadcrumb","itemListElement":[{"@type":"ListItem","position":1,"name":"GA","item":"https:\/\/genderapartheid.no\/"},{"@type":"ListItem","position":2,"name":"Your Story"}]},{"@type":"WebSite","@id":"https:\/\/genderapartheid.no\/#website","url":"https:\/\/genderapartheid.no\/","name":"Dokumentering av Gender Apartheid","description":"Documenting the voices of women who have lived under gender apartheid.","potentialAction":[{"@type":"SearchAction","target":{"@type":"EntryPoint","urlTemplate":"https:\/\/genderapartheid.no\/?s={search_term_string}"},"query-input":{"@type":"PropertyValueSpecification","valueRequired":true,"valueName":"search_term_string"}}],"inLanguage":"nb-NO"}]}},"uagb_featured_image_src":{"full":false,"thumbnail":false,"medium":false,"medium_large":false,"large":false,"1536x1536":false,"2048x2048":false,"trp-custom-language-flag":false},"uagb_author_info":{"display_name":"Oliver Vass","author_link":"https:\/\/genderapartheid.no\/no\/author\/oliver\/"},"uagb_comment_info":0,"uagb_excerpt":"English Norsk \u0641\u0627\u0631\u0633\u06cc \u0639\u0631\u0628\u064a Welcome! My name is Fatemeh Ekhtesari. I am a writer and poet, and like you, I lived in a country where laws and regulations controlled many aspects of women\u2019s lives. Eight years ago I moved to Norway, where I&#8217;ve met many other women who have experienced the same transition. In this&hellip;","jetpack_sharing_enabled":true,"mfb_rest_fields":["title","yoast_head","yoast_head_json","uagb_featured_image_src","uagb_author_info","uagb_comment_info","uagb_excerpt","jetpack_sharing_enabled"],"_links":{"self":[{"href":"https:\/\/genderapartheid.no\/no\/wp-json\/wp\/v2\/pages\/1046","targetHints":{"allow":["GET"]}}],"collection":[{"href":"https:\/\/genderapartheid.no\/no\/wp-json\/wp\/v2\/pages"}],"about":[{"href":"https:\/\/genderapartheid.no\/no\/wp-json\/wp\/v2\/types\/page"}],"author":[{"embeddable":true,"href":"https:\/\/genderapartheid.no\/no\/wp-json\/wp\/v2\/users\/2"}],"replies":[{"embeddable":true,"href":"https:\/\/genderapartheid.no\/no\/wp-json\/wp\/v2\/comments?post=1046"}],"version-history":[{"count":64,"href":"https:\/\/genderapartheid.no\/no\/wp-json\/wp\/v2\/pages\/1046\/revisions"}],"predecessor-version":[{"id":1221,"href":"https:\/\/genderapartheid.no\/no\/wp-json\/wp\/v2\/pages\/1046\/revisions\/1221"}],"wp:attachment":[{"href":"https:\/\/genderapartheid.no\/no\/wp-json\/wp\/v2\/media?parent=1046"}],"curies":[{"name":"wp","href":"https:\/\/api.w.org\/{rel}","templated":true}]}}